{"id":1990,"date":"2020-08-08T00:12:50","date_gmt":"2020-08-08T03:12:50","guid":{"rendered":"http:\/\/zynphull.com\/?page_id=1990"},"modified":"2025-11-27T11:24:33","modified_gmt":"2025-11-27T14:24:33","slug":"portfolio","status":"publish","type":"page","link":"https:\/\/zynphull.com\/en\/portfolio\/","title":{"rendered":"Portfolio"},"content":{"rendered":"<p>Aqui est\u00e3o todos os itens do portfolio: um pouco de tudo que eu fiz nos \u00faltimos anos. Design, c\u00f3digo, texto e o que mais couber.<\/p>","protected":false},"excerpt":{"rendered":"<p>Aqui est\u00e3o todos os itens do portfolio: um pouco de tudo que eu fiz nos \u00faltimos anos. Design, c\u00f3digo, texto&#8230;<\/p>","protected":false},"author":1,"featured_media":1963,"parent":0,"menu_order":0,"comment_status":"closed","ping_status":"closed","template":"template-layout-builder.php","meta":{"_coblocks_attr":"","_coblocks_dimensions":"","_coblocks_responsive_height":"","_coblocks_accordion_ie_support":"","_monsterinsights_skip_tracking":false,"_monsterinsights_sitenote_active":false,"_monsterinsights_sitenote_note":"","_monsterinsights_sitenote_category":0,"footnotes":""},"class_list":["post-1990","page","type-page","status-publish","has-post-thumbnail","hentry"],"acf":[],"yoast_head":"<!-- This site is optimized with the Yoast SEO plugin v27.2 - https:\/\/yoast.com\/product\/yoast-seo-wordpress\/ -->\n<title>Portfolio &#187; alice granada<\/title>\n<meta name=\"description\" content=\"um pouco do que fiz at\u00e9 hoje: design, c\u00f3digo, texto e o que mais couber.\" \/>\n<meta name=\"robots\" content=\"index, follow, max-snippet:-1, max-image-preview:large, max-video-preview:-1\" \/>\n<link rel=\"canonical\" href=\"https:\/\/zynphull.com\/en\/portfolio\/\" \/>\n<meta property=\"og:locale\" content=\"en_GB\" \/>\n<meta property=\"og:type\" content=\"article\" \/>\n<meta property=\"og:title\" content=\"Portfolio &#187; alice granada\" \/>\n<meta property=\"og:description\" content=\"um pouco do que fiz at\u00e9 hoje: design, c\u00f3digo, texto e o que mais couber.\" \/>\n<meta property=\"og:url\" content=\"https:\/\/zynphull.com\/en\/portfolio\/\" \/>\n<meta property=\"og:site_name\" content=\"alice granada\" \/>\n<meta property=\"article:modified_time\" content=\"2025-11-27T14:24:33+00:00\" \/>\n<meta property=\"og:image\" content=\"https:\/\/zynphull.com\/wp-content\/uploads\/2020\/08\/home.jpg\" \/>\n\t<meta property=\"og:image:width\" content=\"1920\" \/>\n\t<meta property=\"og:image:height\" content=\"1200\" \/>\n\t<meta property=\"og:image:type\" content=\"image\/jpeg\" \/>\n<meta name=\"twitter:card\" content=\"summary_large_image\" \/>\n<meta name=\"twitter:label1\" content=\"Estimated reading time\" \/>\n\t<meta name=\"twitter:data1\" content=\"1 minute\" \/>\n<script type=\"application\/ld+json\" class=\"yoast-schema-graph\">{\"@context\":\"https:\/\/schema.org\",\"@graph\":[{\"@type\":\"WebPage\",\"@id\":\"https:\/\/zynphull.com\/portfolio\/\",\"url\":\"https:\/\/zynphull.com\/portfolio\/\",\"name\":\"Portfolio &#187; alice granada\",\"isPartOf\":{\"@id\":\"https:\/\/zynphull.com\/#website\"},\"primaryImageOfPage\":{\"@id\":\"https:\/\/zynphull.com\/portfolio\/#primaryimage\"},\"image\":{\"@id\":\"https:\/\/zynphull.com\/portfolio\/#primaryimage\"},\"thumbnailUrl\":\"https:\/\/zynphull.com\/wp-content\/uploads\/2020\/08\/home.jpg\",\"datePublished\":\"2020-08-08T03:12:50+00:00\",\"dateModified\":\"2025-11-27T14:24:33+00:00\",\"description\":\"um pouco do que fiz at\u00e9 hoje: design, c\u00f3digo, texto e o que mais couber.\",\"breadcrumb\":{\"@id\":\"https:\/\/zynphull.com\/portfolio\/#breadcrumb\"},\"inLanguage\":\"en-GB\",\"potentialAction\":[{\"@type\":\"ReadAction\",\"target\":[\"https:\/\/zynphull.com\/portfolio\/\"]}]},{\"@type\":\"ImageObject\",\"inLanguage\":\"en-GB\",\"@id\":\"https:\/\/zynphull.com\/portfolio\/#primaryimage\",\"url\":\"https:\/\/zynphull.com\/wp-content\/uploads\/2020\/08\/home.jpg\",\"contentUrl\":\"https:\/\/zynphull.com\/wp-content\/uploads\/2020\/08\/home.jpg\",\"width\":1920,\"height\":1200},{\"@type\":\"BreadcrumbList\",\"@id\":\"https:\/\/zynphull.com\/portfolio\/#breadcrumb\",\"itemListElement\":[{\"@type\":\"ListItem\",\"position\":1,\"name\":\"Home\",\"item\":\"https:\/\/zynphull.com\/\"},{\"@type\":\"ListItem\",\"position\":2,\"name\":\"Portfolio\"}]},{\"@type\":\"WebSite\",\"@id\":\"https:\/\/zynphull.com\/#website\",\"url\":\"https:\/\/zynphull.com\/\",\"name\":\"Alice Granada | zynphull\",\"description\":\"fazendo (v\u00e1rias) coisas\",\"publisher\":{\"@id\":\"https:\/\/zynphull.com\/#\/schema\/person\/d26e9ddfb0c40d1876e31c7ee2ab1d5d\"},\"potentialAction\":[{\"@type\":\"SearchAction\",\"target\":{\"@type\":\"EntryPoint\",\"urlTemplate\":\"https:\/\/zynphull.com\/?s={search_term_string}\"},\"query-input\":{\"@type\":\"PropertyValueSpecification\",\"valueRequired\":true,\"valueName\":\"search_term_string\"}}],\"inLanguage\":\"en-GB\"},{\"@type\":[\"Person\",\"Organization\"],\"@id\":\"https:\/\/zynphull.com\/#\/schema\/person\/d26e9ddfb0c40d1876e31c7ee2ab1d5d\",\"name\":\"zynphull\",\"image\":{\"@type\":\"ImageObject\",\"inLanguage\":\"en-GB\",\"@id\":\"https:\/\/zynphull.com\/wp-content\/uploads\/2024\/05\/resizedCopy-of-aliceeadriane-4.jpg\",\"url\":\"https:\/\/zynphull.com\/wp-content\/uploads\/2024\/05\/resizedCopy-of-aliceeadriane-4.jpg\",\"contentUrl\":\"https:\/\/zynphull.com\/wp-content\/uploads\/2024\/05\/resizedCopy-of-aliceeadriane-4.jpg\",\"width\":1200,\"height\":1200,\"caption\":\"zynphull\"},\"logo\":{\"@id\":\"https:\/\/zynphull.com\/wp-content\/uploads\/2024\/05\/resizedCopy-of-aliceeadriane-4.jpg\"},\"sameAs\":[\"https:\/\/www.instagram.com\/alice.granada\/\"]}]}<\/script>\n<!-- \/ Yoast SEO plugin. -->","yoast_head_json":{"title":"Portfolio &#187; alice granada","description":"um pouco do que fiz at\u00e9 hoje: design, c\u00f3digo, texto e o que mais couber.","robots":{"index":"index","follow":"follow","max-snippet":"max-snippet:-1","max-image-preview":"max-image-preview:large","max-video-preview":"max-video-preview:-1"},"canonical":"https:\/\/zynphull.com\/en\/portfolio\/","og_locale":"en_GB","og_type":"article","og_title":"Portfolio &#187; alice granada","og_description":"um pouco do que fiz at\u00e9 hoje: design, c\u00f3digo, texto e o que mais couber.","og_url":"https:\/\/zynphull.com\/en\/portfolio\/","og_site_name":"alice granada","article_modified_time":"2025-11-27T14:24:33+00:00","og_image":[{"width":1920,"height":1200,"url":"https:\/\/zynphull.com\/wp-content\/uploads\/2020\/08\/home.jpg","type":"image\/jpeg"}],"twitter_card":"summary_large_image","twitter_misc":{"Estimated reading time":"1 minute"},"schema":{"@context":"https:\/\/schema.org","@graph":[{"@type":"WebPage","@id":"https:\/\/zynphull.com\/portfolio\/","url":"https:\/\/zynphull.com\/portfolio\/","name":"Portfolio &#187; alice granada","isPartOf":{"@id":"https:\/\/zynphull.com\/#website"},"primaryImageOfPage":{"@id":"https:\/\/zynphull.com\/portfolio\/#primaryimage"},"image":{"@id":"https:\/\/zynphull.com\/portfolio\/#primaryimage"},"thumbnailUrl":"https:\/\/zynphull.com\/wp-content\/uploads\/2020\/08\/home.jpg","datePublished":"2020-08-08T03:12:50+00:00","dateModified":"2025-11-27T14:24:33+00:00","description":"um pouco do que fiz at\u00e9 hoje: design, c\u00f3digo, texto e o que mais couber.","breadcrumb":{"@id":"https:\/\/zynphull.com\/portfolio\/#breadcrumb"},"inLanguage":"en-GB","potentialAction":[{"@type":"ReadAction","target":["https:\/\/zynphull.com\/portfolio\/"]}]},{"@type":"ImageObject","inLanguage":"en-GB","@id":"https:\/\/zynphull.com\/portfolio\/#primaryimage","url":"https:\/\/zynphull.com\/wp-content\/uploads\/2020\/08\/home.jpg","contentUrl":"https:\/\/zynphull.com\/wp-content\/uploads\/2020\/08\/home.jpg","width":1920,"height":1200},{"@type":"BreadcrumbList","@id":"https:\/\/zynphull.com\/portfolio\/#breadcrumb","itemListElement":[{"@type":"ListItem","position":1,"name":"Home","item":"https:\/\/zynphull.com\/"},{"@type":"ListItem","position":2,"name":"Portfolio"}]},{"@type":"WebSite","@id":"https:\/\/zynphull.com\/#website","url":"https:\/\/zynphull.com\/","name":"Alice Granada | zynphull","description":"fazendo (v\u00e1rias) coisas","publisher":{"@id":"https:\/\/zynphull.com\/#\/schema\/person\/d26e9ddfb0c40d1876e31c7ee2ab1d5d"},"potentialAction":[{"@type":"SearchAction","target":{"@type":"EntryPoint","urlTemplate":"https:\/\/zynphull.com\/?s={search_term_string}"},"query-input":{"@type":"PropertyValueSpecification","valueRequired":true,"valueName":"search_term_string"}}],"inLanguage":"en-GB"},{"@type":["Person","Organization"],"@id":"https:\/\/zynphull.com\/#\/schema\/person\/d26e9ddfb0c40d1876e31c7ee2ab1d5d","name":"zynphull","image":{"@type":"ImageObject","inLanguage":"en-GB","@id":"https:\/\/zynphull.com\/wp-content\/uploads\/2024\/05\/resizedCopy-of-aliceeadriane-4.jpg","url":"https:\/\/zynphull.com\/wp-content\/uploads\/2024\/05\/resizedCopy-of-aliceeadriane-4.jpg","contentUrl":"https:\/\/zynphull.com\/wp-content\/uploads\/2024\/05\/resizedCopy-of-aliceeadriane-4.jpg","width":1200,"height":1200,"caption":"zynphull"},"logo":{"@id":"https:\/\/zynphull.com\/wp-content\/uploads\/2024\/05\/resizedCopy-of-aliceeadriane-4.jpg"},"sameAs":["https:\/\/www.instagram.com\/alice.granada\/"]}]}},"_links":{"self":[{"href":"https:\/\/zynphull.com\/en\/wp-json\/wp\/v2\/pages\/1990","targetHints":{"allow":["GET"]}}],"collection":[{"href":"https:\/\/zynphull.com\/en\/wp-json\/wp\/v2\/pages"}],"about":[{"href":"https:\/\/zynphull.com\/en\/wp-json\/wp\/v2\/types\/page"}],"author":[{"embeddable":true,"href":"https:\/\/zynphull.com\/en\/wp-json\/wp\/v2\/users\/1"}],"replies":[{"embeddable":true,"href":"https:\/\/zynphull.com\/en\/wp-json\/wp\/v2\/comments?post=1990"}],"version-history":[{"count":21,"href":"https:\/\/zynphull.com\/en\/wp-json\/wp\/v2\/pages\/1990\/revisions"}],"predecessor-version":[{"id":2672,"href":"https:\/\/zynphull.com\/en\/wp-json\/wp\/v2\/pages\/1990\/revisions\/2672"}],"wp:featuredmedia":[{"embeddable":true,"href":"https:\/\/zynphull.com\/en\/wp-json\/wp\/v2\/media\/1963"}],"wp:attachment":[{"href":"https:\/\/zynphull.com\/en\/wp-json\/wp\/v2\/media?parent=1990"}],"curies":[{"name":"wp","href":"https:\/\/api.w.org\/{rel}","templated":true}]}}